{"id":1761,"date":"2018-12-26T08:29:03","date_gmt":"2018-12-26T08:29:03","guid":{"rendered":"https:\/\/thethemedemo.com\/ftagem\/?page_id=1761"},"modified":"2023-06-21T17:12:54","modified_gmt":"2023-06-21T15:12:54","slug":"ateliers-pedagogiques","status":"publish","type":"page","link":"https:\/\/filmdebanlieue.com\/index.php\/ateliers-pedagogiques\/","title":{"rendered":"Ateliers p\u00e9dagogiques"},"content":{"rendered":"\t\t<div data-elementor-type=\"wp-post\" data-elementor-id=\"1761\" class=\"elementor elementor-1761\" data-elementor-post-type=\"page\">\n\t\t\t\t\t\t<section class=\"elementor-section elementor-top-section elementor-element elementor-element-feae0ee elementor-section-boxed elementor-section-height-default elementor-section-height-default\" data-id=\"feae0ee\" data-element_type=\"section\" data-e-type=\"section\">\n\t\t\t\t\t\t<div class=\"elementor-container elementor-column-gap-default\">\n\t\t\t\t\t<div class=\"elementor-column elementor-col-100 elementor-top-column elementor-element elementor-element-31fdd85\" data-id=\"31fdd85\" data-element_type=\"column\" data-e-type=\"column\">\n\t\t\t<div class=\"elementor-widget-wrap elementor-element-populated\">\n\t\t\t\t\t\t<div class=\"elementor-element elementor-element-f215918 elementor-widget elementor-widget-spacer\" data-id=\"f215918\" data-element_type=\"widget\" data-e-type=\"widget\" data-widget_type=\"spacer.default\">\n\t\t\t\t<div class=\"elementor-widget-container\">\n\t\t\t\t\t\t\t<div class=\"elementor-spacer\">\n\t\t\t<div class=\"elementor-spacer-inner\"><\/div>\n\t\t<\/div>\n\t\t\t\t\t\t<\/div>\n\t\t\t\t<\/div>\n\t\t\t\t<div class=\"elementor-element elementor-element-7e4655a elementor-widget elementor-widget-about-content-addons\" data-id=\"7e4655a\" data-element_type=\"widget\" data-e-type=\"widget\" data-widget_type=\"about-content-addons.default\">\n\t\t\t\t<div class=\"elementor-widget-container\">\n\t\t\t\t\t        <div class=\"about-area\">\r\n            <div class=\"row\">\r\n                \r\n                    <div class=\"col-lg-5 col-md-12 col-sm-12\">\r\n                        <div class=\"about-actor-left\">\r\n                            <h3>ATELIER ACTING ET COM\u00c9DIE<\/h3><p><p>Grace \u00e0 l'intervention de nos acteurs professionnels, Cet atelier permet aux participants d'apprendre \u00a0a\u0300 faire de la come\u0301die, de s'exprimer correctement en public, s'exprimer sur sce\u0300ne, interpre\u0301ter un personnage..<\/p><p>\u00c0 la fin de se stage, l'objectif des participants sera de r\u00e9aliser un film.<\/p><\/p>                                                    <\/div>\r\n                    <\/div>\r\n                                        <div class=\"col-lg-7 col-md-12 col-sm-12\">\r\n                        <div class=\"actor-about-image\">\r\n                            <img decoding=\"async\" src=\"https:\/\/filmdebanlieue.com\/wp-content\/uploads\/2023\/06\/19.jpg\" alt=\"\" \/>\r\n                        <\/div>\r\n                    <\/div>\r\n                                            \r\n                            <\/div>\r\n        <\/div>\r\n        \t\t\t\t<\/div>\n\t\t\t\t<\/div>\n\t\t\t\t<div class=\"elementor-element elementor-element-dac30f2 elementor-button-info elementor-widget elementor-widget-button\" data-id=\"dac30f2\" data-element_type=\"widget\" data-e-type=\"widget\" data-widget_type=\"button.default\">\n\t\t\t\t<div class=\"elementor-widget-container\">\n\t\t\t\t\t\t\t\t\t<div class=\"elementor-button-wrapper\">\n\t\t\t\t\t<a class=\"elementor-button elementor-button-link elementor-size-sm\" href=\"https:\/\/filmdebanlieue.com\/index.php\/atelier-acting-et-comedie\/\">\n\t\t\t\t\t\t<span class=\"elementor-button-content-wrapper\">\n\t\t\t\t\t\t<span class=\"elementor-button-icon\">\n\t\t\t\t<i aria-hidden=\"true\" class=\"far fa-grin-wink\"><\/i>\t\t\t<\/span>\n\t\t\t\t\t\t\t\t\t<span class=\"elementor-button-text\">En savoir plus<\/span>\n\t\t\t\t\t<\/span>\n\t\t\t\t\t<\/a>\n\t\t\t\t<\/div>\n\t\t\t\t\t\t\t\t<\/div>\n\t\t\t\t<\/div>\n\t\t\t\t<div class=\"elementor-element elementor-element-69f075d elementor-widget-divider--view-line elementor-widget elementor-widget-divider\" data-id=\"69f075d\" data-element_type=\"widget\" data-e-type=\"widget\" data-widget_type=\"divider.default\">\n\t\t\t\t<div class=\"elementor-widget-container\">\n\t\t\t\t\t\t\t<div class=\"elementor-divider\">\n\t\t\t<span class=\"elementor-divider-separator\">\n\t\t\t\t\t\t<\/span>\n\t\t<\/div>\n\t\t\t\t\t\t<\/div>\n\t\t\t\t<\/div>\n\t\t\t\t<div class=\"elementor-element elementor-element-88799d5 elementor-widget elementor-widget-about-content-addons\" data-id=\"88799d5\" data-element_type=\"widget\" data-e-type=\"widget\" data-widget_type=\"about-content-addons.default\">\n\t\t\t\t<div class=\"elementor-widget-container\">\n\t\t\t\t\t        <div class=\"about-area\">\r\n            <div class=\"row\">\r\n                \r\n                    <div class=\"col-lg-5 col-md-12 col-sm-12\">\r\n                        <div class=\"about-actor-left\">\r\n                            <h3>ATELIER R\u00c9ALISATION DE FILM<\/h3><p><p>Grace \u00e0 l'intervention de nos acteurs professionnels, Cet atelier permet aux participants d'apprendre \u00a0\u00e0 faire filmer, pr\u00e9parer la r\u00e9alisation de son film, faire le montage de son film...<\/p><p>\u00c0 la fin de se stage, l'objectif des participants sera de r\u00e9aliser un film.<\/p><\/p>                                                    <\/div>\r\n                    <\/div>\r\n                                        <div class=\"col-lg-7 col-md-12 col-sm-12\">\r\n                        <div class=\"actor-about-image\">\r\n                            <img decoding=\"async\" src=\"https:\/\/filmdebanlieue.com\/wp-content\/uploads\/2023\/06\/16.jpg\" alt=\"\" \/>\r\n                        <\/div>\r\n                    <\/div>\r\n                                            \r\n                            <\/div>\r\n        <\/div>\r\n        \t\t\t\t<\/div>\n\t\t\t\t<\/div>\n\t\t\t\t<div class=\"elementor-element elementor-element-75538d5 elementor-button-info elementor-widget elementor-widget-button\" data-id=\"75538d5\" data-element_type=\"widget\" data-e-type=\"widget\" data-widget_type=\"button.default\">\n\t\t\t\t<div class=\"elementor-widget-container\">\n\t\t\t\t\t\t\t\t\t<div class=\"elementor-button-wrapper\">\n\t\t\t\t\t<a class=\"elementor-button elementor-button-link elementor-size-sm\" href=\"https:\/\/filmdebanlieue.com\/index.php\/atelier-realisation-de-film\/\">\n\t\t\t\t\t\t<span class=\"elementor-button-content-wrapper\">\n\t\t\t\t\t\t<span class=\"elementor-button-icon\">\n\t\t\t\t<i aria-hidden=\"true\" class=\"fas fa-film\"><\/i>\t\t\t<\/span>\n\t\t\t\t\t\t\t\t\t<span class=\"elementor-button-text\">En savoir plus<\/span>\n\t\t\t\t\t<\/span>\n\t\t\t\t\t<\/a>\n\t\t\t\t<\/div>\n\t\t\t\t\t\t\t\t<\/div>\n\t\t\t\t<\/div>\n\t\t\t\t<div class=\"elementor-element elementor-element-c12ca3c elementor-widget-divider--view-line elementor-widget elementor-widget-divider\" data-id=\"c12ca3c\" data-element_type=\"widget\" data-e-type=\"widget\" data-widget_type=\"divider.default\">\n\t\t\t\t<div class=\"elementor-widget-container\">\n\t\t\t\t\t\t\t<div class=\"elementor-divider\">\n\t\t\t<span class=\"elementor-divider-separator\">\n\t\t\t\t\t\t<\/span>\n\t\t<\/div>\n\t\t\t\t\t\t<\/div>\n\t\t\t\t<\/div>\n\t\t\t\t<div class=\"elementor-element elementor-element-5222f62 elementor-widget elementor-widget-about-content-addons\" data-id=\"5222f62\" data-element_type=\"widget\" data-e-type=\"widget\" data-widget_type=\"about-content-addons.default\">\n\t\t\t\t<div class=\"elementor-widget-container\">\n\t\t\t\t\t        <div class=\"about-area\">\r\n            <div class=\"row\">\r\n                \r\n                    <div class=\"col-lg-5 col-md-12 col-sm-12\">\r\n                        <div class=\"about-actor-left\">\r\n                            <h3>ATELIER \u00c9CRITURE SC\u00c9NARIO DE FILM<\/h3><p><p>Grace \u00e0 l'intervention de nos acteurs professionnels, Cet atelier permet aux participants d'apprendre \u00a0a\u0300 \u00e9crire un sc\u00e9nario, une bible sc\u00e9naristique.<\/p><p>\u00c0 la fin de se stage, l'objectif des participants sera de r\u00e9aliser un film.<\/p><\/p>                                                    <\/div>\r\n                    <\/div>\r\n                                        <div class=\"col-lg-7 col-md-12 col-sm-12\">\r\n                        <div class=\"actor-about-image\">\r\n                            <img decoding=\"async\" src=\"https:\/\/filmdebanlieue.com\/wp-content\/uploads\/2023\/06\/25.jpg\" alt=\"\" \/>\r\n                        <\/div>\r\n                    <\/div>\r\n                                            \r\n                            <\/div>\r\n        <\/div>\r\n        \t\t\t\t<\/div>\n\t\t\t\t<\/div>\n\t\t\t\t\t<\/div>\n\t\t<\/div>\n\t\t\t\t\t<\/div>\n\t\t<\/section>\n\t\t\t\t<section class=\"elementor-section elementor-top-section elementor-element elementor-element-58e7f35 elementor-section-boxed elementor-section-height-default elementor-section-height-default\" data-id=\"58e7f35\" data-element_type=\"section\" data-e-type=\"section\">\n\t\t\t\t\t\t<div class=\"elementor-container elementor-column-gap-default\">\n\t\t\t\t\t<div class=\"elementor-column elementor-col-100 elementor-top-column elementor-element elementor-element-25d2fa8\" data-id=\"25d2fa8\" data-element_type=\"column\" data-e-type=\"column\">\n\t\t\t<div class=\"elementor-widget-wrap elementor-element-populated\">\n\t\t\t\t\t\t<div class=\"elementor-element elementor-element-d0b1935 elementor-button-info elementor-widget elementor-widget-button\" data-id=\"d0b1935\" data-element_type=\"widget\" data-e-type=\"widget\" data-widget_type=\"button.default\">\n\t\t\t\t<div class=\"elementor-widget-container\">\n\t\t\t\t\t\t\t\t\t<div class=\"elementor-button-wrapper\">\n\t\t\t\t\t<a class=\"elementor-button elementor-button-link elementor-size-sm\" href=\"https:\/\/filmdebanlieue.com\/index.php\/ecriture-scenario-de-film\/\">\n\t\t\t\t\t\t<span class=\"elementor-button-content-wrapper\">\n\t\t\t\t\t\t<span class=\"elementor-button-icon\">\n\t\t\t\t<i aria-hidden=\"true\" class=\"fas fa-pencil-alt\"><\/i>\t\t\t<\/span>\n\t\t\t\t\t\t\t\t\t<span class=\"elementor-button-text\">En savoir plus<\/span>\n\t\t\t\t\t<\/span>\n\t\t\t\t\t<\/a>\n\t\t\t\t<\/div>\n\t\t\t\t\t\t\t\t<\/div>\n\t\t\t\t<\/div>\n\t\t\t\t\t<\/div>\n\t\t<\/div>\n\t\t\t\t\t<\/div>\n\t\t<\/section>\n\t\t\t\t<\/div>\n\t\t","protected":false},"excerpt":{"rendered":"<p>ATELIER ACTING ET COM\u00c9DIE Grace \u00e0 l&#8217;intervention de nos acteurs professionnels, Cet atelier permet aux participants d&#8217;apprendre \u00a0a\u0300 faire de la come\u0301die, de s&#8217;exprimer correctement en public, s&#8217;exprimer sur sce\u0300ne, interpre\u0301ter un personnage.. \u00c0 la fin de se stage, l&#8217;objectif des participants sera de r\u00e9aliser un film. En savoir plus ATELIER R\u00c9ALISATION DE FILM Grace [&hellip;]<\/p>\n","protected":false},"author":1,"featured_media":0,"parent":0,"menu_order":0,"comment_status":"closed","ping_status":"closed","template":"elementor_header_footer","meta":{"_surecart_dashboard_logo_width":"180px","_surecart_dashboard_show_logo":true,"_surecart_dashboard_navigation_orders":true,"_surecart_dashboard_navigation_invoices":true,"_surecart_dashboard_navigation_subscriptions":true,"_surecart_dashboard_navigation_downloads":true,"_surecart_dashboard_navigation_billing":true,"_surecart_dashboard_navigation_account":true,"_monsterinsights_skip_tracking":false,"_monsterinsights_sitenote_active":false,"_monsterinsights_sitenote_note":"","_monsterinsights_sitenote_category":0,"footnotes":""},"class_list":["post-1761","page","type-page","status-publish","hentry"],"aioseo_notices":[],"_links":{"self":[{"href":"https:\/\/filmdebanlieue.com\/index.php\/wp-json\/wp\/v2\/pages\/1761","targetHints":{"allow":["GET"]}}],"collection":[{"href":"https:\/\/filmdebanlieue.com\/index.php\/wp-json\/wp\/v2\/pages"}],"about":[{"href":"https:\/\/filmdebanlieue.com\/index.php\/wp-json\/wp\/v2\/types\/page"}],"author":[{"embeddable":true,"href":"https:\/\/filmdebanlieue.com\/index.php\/wp-json\/wp\/v2\/users\/1"}],"replies":[{"embeddable":true,"href":"https:\/\/filmdebanlieue.com\/index.php\/wp-json\/wp\/v2\/comments?post=1761"}],"version-history":[{"count":45,"href":"https:\/\/filmdebanlieue.com\/index.php\/wp-json\/wp\/v2\/pages\/1761\/revisions"}],"predecessor-version":[{"id":2672,"href":"https:\/\/filmdebanlieue.com\/index.php\/wp-json\/wp\/v2\/pages\/1761\/revisions\/2672"}],"wp:attachment":[{"href":"https:\/\/filmdebanlieue.com\/index.php\/wp-json\/wp\/v2\/media?parent=1761"}],"curies":[{"name":"wp","href":"https:\/\/api.w.org\/{rel}","templated":true}]}}